{"id":8,"date":"2026-03-16T19:03:15","date_gmt":"2026-03-16T19:03:15","guid":{"rendered":"https:\/\/www.ailynnbaez.com\/?page_id=8"},"modified":"2026-03-16T21:23:04","modified_gmt":"2026-03-17T03:23:04","slug":"homepage","status":"publish","type":"page","link":"https:\/\/www.ailynnbaez.com\/","title":{"rendered":"Homepage"},"content":{"rendered":"\n<div class=\"wp-block-cover alignfull is-light\" style=\"min-height:100vh;aspect-ratio:unset;\"><video class=\"wp-block-cover__video-background intrinsic-ignore\" autoplay muted loop playsinline src=\"https:\/\/demo.wpzoom.com\/inspiro-lite\/files\/2022\/03\/Pexels-Videos-1409899-1.mp4\" data-object-fit=\"cover\"><\/video><span aria-hidden=\"true\" class=\"wp-block-cover__background has-background-dim-20 has-background-dim\"><\/span><div class=\"wp-block-cover__inner-container has-global-padding is-layout-constrained wp-block-cover-is-layout-constrained\">\n<p class=\"has-text-align-center has-white-color has-text-color has-max-60-font-size\" style=\"font-style:normal;font-weight:900;line-height:1.2\"><strong>Pensar. Transformar. Liderar.<\/strong><\/p>\n\n\n\n<p class=\"has-text-align-center has-white-color has-text-color has-medium-font-size\">Acompa\u00f1ando a l\u00edderes y organizaciones a convertir visi\u00f3n en estrategia, y estrategia en impacto real.<\/p>\n\n\n\n<div style=\"height:55px\" aria-hidden=\"true\" class=\"wp-block-spacer\"><\/div>\n\n\n\n<div class=\"wp-block-buttons is-content-justification-center is-layout-flex wp-container-core-buttons-is-layout-a89b3969 wp-block-buttons-is-layout-flex\">\n<div class=\"wp-block-button is-style-outline is-style-outline--1\"><a class=\"wp-block-button__link has-white-color has-text-color wp-element-button\" href=\"#\" style=\"border-radius:0px\">Learn More<\/a><\/div>\n<\/div>\n<\/div><\/div>\n\n\n\n<div class=\"wp-block-group has-global-padding is-layout-constrained wp-block-group-is-layout-constrained\">\n<div style=\"height:57px\" aria-hidden=\"true\" class=\"wp-block-spacer\"><\/div>\n\n\n\n<h2 class=\"wp-block-heading has-text-align-center has-medium-font-size\" style=\"letter-spacing:1px\">Estrategia y liderazgo para organizaciones que buscan evolucionar con prop\u00f3sito<\/h2>\n\n\n\n<p class=\"has-text-align-center\">En un entorno empresarial cada vez m\u00e1s complejo, las organizaciones necesitan algo m\u00e1s que soluciones r\u00e1pidas: necesitan claridad estrat\u00e9gica, liderazgo consciente y una visi\u00f3n de largo plazo.<\/p>\n\n\n\n<div class=\"wp-block-buttons is-horizontal is-content-justification-center is-layout-flex wp-container-core-buttons-is-layout-03627597 wp-block-buttons-is-layout-flex\">\n<div class=\"wp-block-button is-style-outline is-style-outline--2\"><a class=\"wp-block-button__link has-small-font-size has-custom-font-size wp-element-button\" href=\"#\" style=\"border-radius:0px\">ABOUT US<\/a><\/div>\n<\/div>\n\n\n\n<div style=\"height:57px\" aria-hidden=\"true\" class=\"wp-block-spacer\"><\/div>\n<\/div>\n\n\n\n<div id=\"services\" class=\"wp-block-group alignfull pattern_multiple_covers has-background has-global-padding is-layout-constrained wp-block-group-is-layout-constrained\">\n<div style=\"height:84px\" aria-hidden=\"true\" class=\"wp-block-spacer\"><\/div>\n\n\n\n<p class=\"has-text-align-left has-secondary-color has-text-color\" style=\"letter-spacing:1px\">Estrategia, liderazgo y visi\u00f3n para organizaciones que buscan evolucionar !<\/p>\n\n\n\n<h2 class=\"wp-block-heading has-text-align-left\">Una visi\u00f3n estrat\u00e9gica para organizaciones en evoluci\u00f3n<\/h2>\n\n\n\n<p class=\"has-text-align-left\">Las organizaciones que logran trascender en el tiempo no solo crecen: evolucionan. A trav\u00e9s de un enfoque estrat\u00e9gico que integra eficiencia operativa, gobierno corporativo, sostenibilidad y liderazgo generacional, acompa\u00f1amos a empresas y familias empresarias en la construcci\u00f3n de estructuras m\u00e1s profesionales, resilientes y alineadas con su visi\u00f3n de largo plazo.<\/p>\n\n\n\n<div style=\"height:46px\" aria-hidden=\"true\" class=\"wp-block-spacer\"><\/div>\n\n\n\n<div class=\"wp-block-cover has-custom-content-position is-position-bottom-left\" style=\"padding-top:var(--wp--preset--spacing--small);padding-right:var(--wp--preset--spacing--x-small);padding-bottom:var(--wp--preset--spacing--small);padding-left:var(--wp--preset--spacing--x-small)\"><img fetchpriority=\"high\" decoding=\"async\" width=\"1024\" height=\"1024\" class=\"wp-block-cover__image-background wp-image-28 size-full\" alt=\"\" src=\"https:\/\/www.ailynnbaez.com\/wp-content\/uploads\/2026\/03\/ChatGPT-Image-16-mar-2026-01_22_53-p.m.png\" data-object-fit=\"cover\" srcset=\"https:\/\/www.ailynnbaez.com\/wp-content\/uploads\/2026\/03\/ChatGPT-Image-16-mar-2026-01_22_53-p.m.png 1024w, https:\/\/www.ailynnbaez.com\/wp-content\/uploads\/2026\/03\/ChatGPT-Image-16-mar-2026-01_22_53-p.m-300x300.png 300w, https:\/\/www.ailynnbaez.com\/wp-content\/uploads\/2026\/03\/ChatGPT-Image-16-mar-2026-01_22_53-p.m-150x150.png 150w\" sizes=\"(max-width: 1024px) 100vw, 1024px\" \/><span aria-hidden=\"true\" class=\"wp-block-cover__background has-primary-background-color has-background-dim-70 has-background-dim\"><\/span><div class=\"wp-block-cover__inner-container is-layout-flow wp-block-cover-is-layout-flow\">\n<h3 class=\"wp-block-heading has-white-color has-text-color has-medium-font-size\" style=\"margin-top:0;margin-right:0;margin-bottom:0;margin-left:0\">Transformaci\u00f3n y Eficiencia<br><\/h3>\n\n\n\n<p class=\"has-secondary-color has-text-color has-link-color wp-elements-9691f0a90a38e8845f8d3e9ccf3c770b\" style=\"margin-top:0;margin-right:0;margin-bottom:0;margin-left:0\"><a href=\"#\">Explore more \u2192<\/a><\/p>\n<\/div><\/div>\n\n\n\n<div class=\"wp-block-columns is-layout-flex wp-container-core-columns-is-layout-28f84493 wp-block-columns-is-layout-flex\">\n<div class=\"wp-block-column is-layout-flow wp-block-column-is-layout-flow\" style=\"padding-top:0;padding-right:0;padding-bottom:0;padding-left:0\">\n<div class=\"wp-block-cover has-custom-content-position is-position-bottom-left\" style=\"padding-top:var(--wp--preset--spacing--small);padding-right:var(--wp--preset--spacing--x-small);padding-bottom:var(--wp--preset--spacing--small);padding-left:var(--wp--preset--spacing--x-small)\"><img decoding=\"async\" width=\"1024\" height=\"683\" class=\"wp-block-cover__image-background wp-image-29 size-large\" alt=\"\" src=\"https:\/\/www.ailynnbaez.com\/wp-content\/uploads\/2026\/03\/ChatGPT-Image-16-mar-2026-01_22_46-p.m-1024x683.png\" data-object-fit=\"cover\" srcset=\"https:\/\/www.ailynnbaez.com\/wp-content\/uploads\/2026\/03\/ChatGPT-Image-16-mar-2026-01_22_46-p.m-1024x683.png 1024w, https:\/\/www.ailynnbaez.com\/wp-content\/uploads\/2026\/03\/ChatGPT-Image-16-mar-2026-01_22_46-p.m-300x200.png 300w, https:\/\/www.ailynnbaez.com\/wp-content\/uploads\/2026\/03\/ChatGPT-Image-16-mar-2026-01_22_46-p.m.png 1536w\" sizes=\"(max-width: 1024px) 100vw, 1024px\" \/><span aria-hidden=\"true\" class=\"wp-block-cover__background has-primary-background-color has-background-dim-70 has-background-dim\"><\/span><div class=\"wp-block-cover__inner-container is-layout-flow wp-block-cover-is-layout-flow\">\n<h3 class=\"wp-block-heading has-white-color has-text-color has-medium-font-size\" style=\"margin-top:0;margin-right:0;margin-bottom:0;margin-left:0\">Institucionalizaci\u00f3n y Gobierno Corporativo<\/h3>\n\n\n\n<p class=\"has-secondary-color has-text-color has-link-color wp-elements-9691f0a90a38e8845f8d3e9ccf3c770b\" style=\"margin-top:0;margin-right:0;margin-bottom:0;margin-left:0\"><a href=\"#\">Explore more \u2192<\/a><\/p>\n<\/div><\/div>\n<\/div>\n\n\n\n<div class=\"wp-block-column is-layout-flow wp-block-column-is-layout-flow\" style=\"padding-top:0;padding-right:0;padding-bottom:0;padding-left:0\">\n<div class=\"wp-block-cover has-custom-content-position is-position-bottom-left\" style=\"padding-top:var(--wp--preset--spacing--small);padding-right:var(--wp--preset--spacing--x-small);padding-bottom:var(--wp--preset--spacing--small);padding-left:var(--wp--preset--spacing--x-small)\"><img decoding=\"async\" width=\"1024\" height=\"1024\" class=\"wp-block-cover__image-background wp-image-30 size-full\" alt=\"\" src=\"https:\/\/www.ailynnbaez.com\/wp-content\/uploads\/2026\/03\/ChatGPT-Image-16-mar-2026-01_22_43-p.m.png\" data-object-fit=\"cover\" srcset=\"https:\/\/www.ailynnbaez.com\/wp-content\/uploads\/2026\/03\/ChatGPT-Image-16-mar-2026-01_22_43-p.m.png 1024w, https:\/\/www.ailynnbaez.com\/wp-content\/uploads\/2026\/03\/ChatGPT-Image-16-mar-2026-01_22_43-p.m-300x300.png 300w, https:\/\/www.ailynnbaez.com\/wp-content\/uploads\/2026\/03\/ChatGPT-Image-16-mar-2026-01_22_43-p.m-150x150.png 150w\" sizes=\"(max-width: 1024px) 100vw, 1024px\" \/><span aria-hidden=\"true\" class=\"wp-block-cover__background has-primary-background-color has-background-dim-70 has-background-dim\"><\/span><div class=\"wp-block-cover__inner-container is-layout-flow wp-block-cover-is-layout-flow\">\n<h3 class=\"wp-block-heading has-white-color has-text-color has-medium-font-size\" style=\"margin-top:0;margin-right:0;margin-bottom:0;margin-left:0\">Sostenibilidad Estrat\u00e9gica (ESG)<\/h3>\n\n\n\n<p class=\"has-secondary-color has-text-color has-link-color wp-elements-9691f0a90a38e8845f8d3e9ccf3c770b\" style=\"margin-top:0;margin-right:0;margin-bottom:0;margin-left:0\"><a href=\"#\">Explore more \u2192<\/a><\/p>\n<\/div><\/div>\n<\/div>\n\n\n\n<div class=\"wp-block-column is-layout-flow wp-block-column-is-layout-flow\" style=\"padding-top:0;padding-right:0;padding-bottom:0;padding-left:0\">\n<div class=\"wp-block-cover has-custom-content-position is-position-bottom-left\" style=\"padding-top:var(--wp--preset--spacing--small);padding-right:var(--wp--preset--spacing--x-small);padding-bottom:var(--wp--preset--spacing--small);padding-left:var(--wp--preset--spacing--x-small)\"><img loading=\"lazy\" decoding=\"async\" width=\"1024\" height=\"1024\" class=\"wp-block-cover__image-background wp-image-31 size-full\" alt=\"\" src=\"https:\/\/www.ailynnbaez.com\/wp-content\/uploads\/2026\/03\/ChatGPT-Image-16-mar-2026-01_22_37-p.m.png\" data-object-fit=\"cover\" srcset=\"https:\/\/www.ailynnbaez.com\/wp-content\/uploads\/2026\/03\/ChatGPT-Image-16-mar-2026-01_22_37-p.m.png 1024w, https:\/\/www.ailynnbaez.com\/wp-content\/uploads\/2026\/03\/ChatGPT-Image-16-mar-2026-01_22_37-p.m-300x300.png 300w, https:\/\/www.ailynnbaez.com\/wp-content\/uploads\/2026\/03\/ChatGPT-Image-16-mar-2026-01_22_37-p.m-150x150.png 150w\" sizes=\"(max-width: 1024px) 100vw, 1024px\" \/><span aria-hidden=\"true\" class=\"wp-block-cover__background has-primary-background-color has-background-dim-70 has-background-dim\"><\/span><div class=\"wp-block-cover__inner-container is-layout-flow wp-block-cover-is-layout-flow\">\n<h3 class=\"wp-block-heading has-white-color has-text-color has-medium-font-size\" style=\"margin-top:0;margin-right:0;margin-bottom:0;margin-left:0\">Next Generation y Liderazgo Familiar<\/h3>\n\n\n\n<p class=\"has-secondary-color has-text-color has-link-color wp-elements-9691f0a90a38e8845f8d3e9ccf3c770b\" style=\"margin-top:0;margin-right:0;margin-bottom:0;margin-left:0\"><a href=\"#\">Explore more \u2192<\/a><\/p>\n<\/div><\/div>\n<\/div>\n<\/div>\n\n\n\n<div style=\"height:103px\" aria-hidden=\"true\" class=\"wp-block-spacer\"><\/div>\n<\/div>\n\n\n\n<div class=\"wp-block-group alignfull has-global-padding is-layout-constrained wp-block-group-is-layout-constrained\">\n<div class=\"wp-block-group has-global-padding is-layout-constrained wp-block-group-is-layout-constrained\" style=\"padding-top:var(--wp--preset--spacing--small);padding-bottom:var(--wp--preset--spacing--small)\">\n<div style=\"height:30px\" aria-hidden=\"true\" class=\"wp-block-spacer\"><\/div>\n\n\n\n<div class=\"wp-block-columns is-layout-flex wp-container-core-columns-is-layout-c375d253 wp-block-columns-is-layout-flex\">\n<div class=\"wp-block-column is-vertically-aligned-center is-layout-flow wp-block-column-is-layout-flow\">\n<h2 class=\"wp-block-heading has-medium-font-size\" style=\"text-transform:uppercase\">Conoce la visi\u00f3n detr\u00e1s de la estrategia<\/h2>\n\n\n\n<p>Ailynn B\u00e1ez acompa\u00f1a a empresas familiares y organizaciones en procesos de transformaci\u00f3n estrat\u00e9gica, gobierno corporativo y liderazgo generacional, ayud\u00e1ndolas a construir estructuras m\u00e1s s\u00f3lidas y preparadas para el futuro.<\/p>\n\n\n\n<div class=\"wp-block-buttons is-horizontal is-content-justification-left is-layout-flex wp-container-core-buttons-is-layout-20be11b6 wp-block-buttons-is-layout-flex\">\n<div class=\"wp-block-button is-style-outline is-style-outline--3\"><a class=\"wp-block-button__link wp-element-button\" href=\"#\" style=\"border-radius:0px\">Conocer m\u00e1s<\/a><\/div>\n<\/div>\n\n\n\n<p><\/p>\n<\/div>\n\n\n\n<div class=\"wp-block-column is-layout-flow wp-block-column-is-layout-flow\">\n<figure class=\"wp-block-image size-large\"><img loading=\"lazy\" decoding=\"async\" width=\"1024\" height=\"1024\" src=\"https:\/\/www.ailynnbaez.com\/wp-content\/uploads\/2026\/03\/ailynn-baez-1024x1024.jpeg\" alt=\"\" class=\"wp-image-25\" srcset=\"https:\/\/www.ailynnbaez.com\/wp-content\/uploads\/2026\/03\/ailynn-baez-1024x1024.jpeg 1024w, https:\/\/www.ailynnbaez.com\/wp-content\/uploads\/2026\/03\/ailynn-baez-300x300.jpeg 300w, https:\/\/www.ailynnbaez.com\/wp-content\/uploads\/2026\/03\/ailynn-baez-150x150.jpeg 150w, https:\/\/www.ailynnbaez.com\/wp-content\/uploads\/2026\/03\/ailynn-baez-1536x1536.jpeg 1536w, https:\/\/www.ailynnbaez.com\/wp-content\/uploads\/2026\/03\/ailynn-baez.jpeg 1600w\" sizes=\"(max-width: 1024px) 100vw, 1024px\" \/><\/figure>\n<\/div>\n<\/div>\n\n\n\n<div style=\"height:30px\" aria-hidden=\"true\" class=\"wp-block-spacer\"><\/div>\n<\/div>\n<\/div>\n\n\n\n<div id=\"team\" class=\"wp-block-group has-global-padding is-layout-constrained wp-block-group-is-layout-constrained\"><\/div>\n\n\n\n<div class=\"wp-block-cover alignfull has-parallax is-position-center-center\" style=\"border-radius:0px\"><div class=\"wp-block-cover__image-background wp-image-24 has-parallax\" style=\"background-position:50% 50%;background-image:url(https:\/\/www.ailynnbaez.com\/wp-content\/themes\/inspiro\/assets\/images\/StockSnap_M6D1GS9PSL.jpg)\"><\/div><span aria-hidden=\"true\" class=\"wp-block-cover__background has-black-background-color has-background-dim-40 has-background-dim\"><\/span><div class=\"wp-block-cover__inner-container is-layout-flow wp-block-cover-is-layout-flow\">\n<div class=\"wp-block-group has-global-padding is-layout-constrained wp-block-group-is-layout-constrained\">\n<h3 class=\"wp-block-heading has-text-align-center has-text-color has-medium-font-size\" style=\"color:#fffffa;text-transform:uppercase\">Unleash your creativity with Inspiro<\/h3>\n\n\n\n<p class=\"has-white-color has-text-color\">This is some dummy copy. You\u2019re not really supposed to read this dummy copy, it is just a placeholder for people who need some type to visualize what the actual copy might look like if it were real content.<\/p>\n\n\n\n<div style=\"height:31px\" aria-hidden=\"true\" class=\"wp-block-spacer\"><\/div>\n\n\n\n<div class=\"wp-block-buttons is-horizontal is-content-justification-center is-layout-flex wp-container-core-buttons-is-layout-03627597 wp-block-buttons-is-layout-flex\">\n<div class=\"wp-block-button is-style-outline is-style-outline--4\"><a class=\"wp-block-button__link has-white-color has-text-color wp-element-button\" href=\"#\" style=\"border-radius:0px\">CONTACT US<\/a><\/div>\n<\/div>\n<\/div>\n<\/div><\/div>\n\n\n\n<div id=\"news\" class=\"wp-block-group has-global-padding is-layout-constrained wp-block-group-is-layout-constrained\">\n<div style=\"height:33px\" aria-hidden=\"true\" class=\"wp-block-spacer\"><\/div>\n<\/div>\n\n\n\n<p><\/p>\n","protected":false},"excerpt":{"rendered":"<p>Estrategia y liderazgo para organizaciones que buscan evolucionar con prop\u00f3sito En un entorno empresarial cada vez m\u00e1s complejo, las organizaciones necesitan algo m\u00e1s que soluciones r\u00e1pidas: necesitan claridad estrat\u00e9gica, liderazgo consciente y una visi\u00f3n de largo plazo. Estrategia, liderazgo y visi\u00f3n para organizaciones que buscan evolucionar ! Una visi\u00f3n estrat\u00e9gica para organizaciones en evoluci\u00f3n Las &hellip; <\/p>\n<p class=\"link-more\"><a href=\"https:\/\/www.ailynnbaez.com\/\" class=\"more-link\">Leer m\u00e1s<span class=\"screen-reader-text\"> \u00abHomepage\u00bb<\/span><\/a><\/p>\n","protected":false},"author":1,"featured_media":0,"parent":0,"menu_order":0,"comment_status":"closed","ping_status":"closed","template":"","meta":{"_eb_attr":"","inspiro_hide_title":false,"footnotes":""},"class_list":["post-8","page","type-page","status-publish","hentry"],"yoast_head":"<!-- This site is optimized with the Yoast SEO plugin v27.2 - https:\/\/yoast.com\/product\/yoast-seo-wordpress\/ -->\n<title>Homepage -<\/title>\n<meta name=\"robots\" content=\"index, follow, max-snippet:-1, max-image-preview:large, max-video-preview:-1\" \/>\n<link rel=\"canonical\" href=\"https:\/\/www.ailynnbaez.com\/\" \/>\n<meta property=\"og:locale\" content=\"es_MX\" \/>\n<meta property=\"og:type\" content=\"article\" \/>\n<meta property=\"og:title\" content=\"Homepage -\" \/>\n<meta property=\"og:description\" content=\"Estrategia y liderazgo para organizaciones que buscan evolucionar con prop\u00f3sito En un entorno empresarial cada vez m\u00e1s complejo, las organizaciones necesitan algo m\u00e1s que soluciones r\u00e1pidas: necesitan claridad estrat\u00e9gica, liderazgo consciente y una visi\u00f3n de largo plazo. Estrategia, liderazgo y visi\u00f3n para organizaciones que buscan evolucionar ! Una visi\u00f3n estrat\u00e9gica para organizaciones en evoluci\u00f3n Las &hellip; Leer m\u00e1s \u00abHomepage\u00bb\" \/>\n<meta property=\"og:url\" content=\"https:\/\/www.ailynnbaez.com\/\" \/>\n<meta property=\"article:modified_time\" content=\"2026-03-17T03:23:04+00:00\" \/>\n<meta property=\"og:image\" content=\"https:\/\/www.ailynnbaez.com\/wp-content\/uploads\/2026\/03\/ChatGPT-Image-16-mar-2026-01_22_53-p.m.png\" \/>\n\t<meta property=\"og:image:width\" content=\"950\" \/>\n\t<meta property=\"og:image:height\" content=\"950\" \/>\n\t<meta property=\"og:image:type\" content=\"image\/png\" \/>\n<meta name=\"twitter:card\" content=\"summary_large_image\" \/>\n<meta name=\"twitter:label1\" content=\"Tiempo de lectura\" \/>\n\t<meta name=\"twitter:data1\" content=\"1 minuto\" \/>\n<script type=\"application\/ld+json\" class=\"yoast-schema-graph\">{\"@context\":\"https:\/\/schema.org\",\"@graph\":[{\"@type\":\"WebPage\",\"@id\":\"https:\/\/www.ailynnbaez.com\/\",\"url\":\"https:\/\/www.ailynnbaez.com\/\",\"name\":\"Homepage -\",\"isPartOf\":{\"@id\":\"https:\/\/www.ailynnbaez.com\/#website\"},\"primaryImageOfPage\":{\"@id\":\"https:\/\/www.ailynnbaez.com\/#primaryimage\"},\"image\":{\"@id\":\"https:\/\/www.ailynnbaez.com\/#primaryimage\"},\"thumbnailUrl\":\"https:\/\/www.ailynnbaez.com\/wp-content\/uploads\/2026\/03\/ChatGPT-Image-16-mar-2026-01_22_53-p.m.png\",\"datePublished\":\"2026-03-16T19:03:15+00:00\",\"dateModified\":\"2026-03-17T03:23:04+00:00\",\"breadcrumb\":{\"@id\":\"https:\/\/www.ailynnbaez.com\/#breadcrumb\"},\"inLanguage\":\"es\",\"potentialAction\":[{\"@type\":\"ReadAction\",\"target\":[\"https:\/\/www.ailynnbaez.com\/\"]}]},{\"@type\":\"ImageObject\",\"inLanguage\":\"es\",\"@id\":\"https:\/\/www.ailynnbaez.com\/#primaryimage\",\"url\":\"https:\/\/www.ailynnbaez.com\/wp-content\/uploads\/2026\/03\/ChatGPT-Image-16-mar-2026-01_22_53-p.m.png\",\"contentUrl\":\"https:\/\/www.ailynnbaez.com\/wp-content\/uploads\/2026\/03\/ChatGPT-Image-16-mar-2026-01_22_53-p.m.png\",\"width\":1024,\"height\":1024},{\"@type\":\"BreadcrumbList\",\"@id\":\"https:\/\/www.ailynnbaez.com\/#breadcrumb\",\"itemListElement\":[{\"@type\":\"ListItem\",\"position\":1,\"name\":\"Inicio\",\"item\":\"https:\/\/www.ailynnbaez.com\/\"},{\"@type\":\"ListItem\",\"position\":2,\"name\":\"Homepage\"}]},{\"@type\":\"WebSite\",\"@id\":\"https:\/\/www.ailynnbaez.com\/#website\",\"url\":\"https:\/\/www.ailynnbaez.com\/\",\"name\":\"\",\"description\":\"\",\"potentialAction\":[{\"@type\":\"SearchAction\",\"target\":{\"@type\":\"EntryPoint\",\"urlTemplate\":\"https:\/\/www.ailynnbaez.com\/?s={search_term_string}\"},\"query-input\":{\"@type\":\"PropertyValueSpecification\",\"valueRequired\":true,\"valueName\":\"search_term_string\"}}],\"inLanguage\":\"es\"}]}<\/script>\n<!-- \/ Yoast SEO plugin. -->","yoast_head_json":{"title":"Homepage -","robots":{"index":"index","follow":"follow","max-snippet":"max-snippet:-1","max-image-preview":"max-image-preview:large","max-video-preview":"max-video-preview:-1"},"canonical":"https:\/\/www.ailynnbaez.com\/","og_locale":"es_MX","og_type":"article","og_title":"Homepage -","og_description":"Estrategia y liderazgo para organizaciones que buscan evolucionar con prop\u00f3sito En un entorno empresarial cada vez m\u00e1s complejo, las organizaciones necesitan algo m\u00e1s que soluciones r\u00e1pidas: necesitan claridad estrat\u00e9gica, liderazgo consciente y una visi\u00f3n de largo plazo. Estrategia, liderazgo y visi\u00f3n para organizaciones que buscan evolucionar ! Una visi\u00f3n estrat\u00e9gica para organizaciones en evoluci\u00f3n Las &hellip; Leer m\u00e1s \u00abHomepage\u00bb","og_url":"https:\/\/www.ailynnbaez.com\/","article_modified_time":"2026-03-17T03:23:04+00:00","og_image":[{"url":"https:\/\/www.ailynnbaez.com\/wp-content\/uploads\/2026\/03\/ChatGPT-Image-16-mar-2026-01_22_53-p.m.png","width":950,"height":950,"type":"image\/png"}],"twitter_card":"summary_large_image","twitter_misc":{"Tiempo de lectura":"1 minuto"},"schema":{"@context":"https:\/\/schema.org","@graph":[{"@type":"WebPage","@id":"https:\/\/www.ailynnbaez.com\/","url":"https:\/\/www.ailynnbaez.com\/","name":"Homepage -","isPartOf":{"@id":"https:\/\/www.ailynnbaez.com\/#website"},"primaryImageOfPage":{"@id":"https:\/\/www.ailynnbaez.com\/#primaryimage"},"image":{"@id":"https:\/\/www.ailynnbaez.com\/#primaryimage"},"thumbnailUrl":"https:\/\/www.ailynnbaez.com\/wp-content\/uploads\/2026\/03\/ChatGPT-Image-16-mar-2026-01_22_53-p.m.png","datePublished":"2026-03-16T19:03:15+00:00","dateModified":"2026-03-17T03:23:04+00:00","breadcrumb":{"@id":"https:\/\/www.ailynnbaez.com\/#breadcrumb"},"inLanguage":"es","potentialAction":[{"@type":"ReadAction","target":["https:\/\/www.ailynnbaez.com\/"]}]},{"@type":"ImageObject","inLanguage":"es","@id":"https:\/\/www.ailynnbaez.com\/#primaryimage","url":"https:\/\/www.ailynnbaez.com\/wp-content\/uploads\/2026\/03\/ChatGPT-Image-16-mar-2026-01_22_53-p.m.png","contentUrl":"https:\/\/www.ailynnbaez.com\/wp-content\/uploads\/2026\/03\/ChatGPT-Image-16-mar-2026-01_22_53-p.m.png","width":1024,"height":1024},{"@type":"BreadcrumbList","@id":"https:\/\/www.ailynnbaez.com\/#breadcrumb","itemListElement":[{"@type":"ListItem","position":1,"name":"Inicio","item":"https:\/\/www.ailynnbaez.com\/"},{"@type":"ListItem","position":2,"name":"Homepage"}]},{"@type":"WebSite","@id":"https:\/\/www.ailynnbaez.com\/#website","url":"https:\/\/www.ailynnbaez.com\/","name":"","description":"","potentialAction":[{"@type":"SearchAction","target":{"@type":"EntryPoint","urlTemplate":"https:\/\/www.ailynnbaez.com\/?s={search_term_string}"},"query-input":{"@type":"PropertyValueSpecification","valueRequired":true,"valueName":"search_term_string"}}],"inLanguage":"es"}]}},"_links":{"self":[{"href":"https:\/\/www.ailynnbaez.com\/index.php\/wp-json\/wp\/v2\/pages\/8","targetHints":{"allow":["GET"]}}],"collection":[{"href":"https:\/\/www.ailynnbaez.com\/index.php\/wp-json\/wp\/v2\/pages"}],"about":[{"href":"https:\/\/www.ailynnbaez.com\/index.php\/wp-json\/wp\/v2\/types\/page"}],"author":[{"embeddable":true,"href":"https:\/\/www.ailynnbaez.com\/index.php\/wp-json\/wp\/v2\/users\/1"}],"replies":[{"embeddable":true,"href":"https:\/\/www.ailynnbaez.com\/index.php\/wp-json\/wp\/v2\/comments?post=8"}],"version-history":[{"count":6,"href":"https:\/\/www.ailynnbaez.com\/index.php\/wp-json\/wp\/v2\/pages\/8\/revisions"}],"predecessor-version":[{"id":144,"href":"https:\/\/www.ailynnbaez.com\/index.php\/wp-json\/wp\/v2\/pages\/8\/revisions\/144"}],"wp:attachment":[{"href":"https:\/\/www.ailynnbaez.com\/index.php\/wp-json\/wp\/v2\/media?parent=8"}],"curies":[{"name":"wp","href":"https:\/\/api.w.org\/{rel}","templated":true}]}}