{"id":116,"date":"2026-03-18T13:14:54","date_gmt":"2026-03-18T19:14:54","guid":{"rendered":"https:\/\/www.ailynnbaez.com\/?page_id=116"},"modified":"2026-03-18T14:06:07","modified_gmt":"2026-03-18T20:06:07","slug":"aceleradores","status":"publish","type":"page","link":"https:\/\/www.ailynnbaez.com\/index.php\/aceleradores\/","title":{"rendered":"Aceleradores"},"content":{"rendered":"\t\t<div data-elementor-type=\"wp-page\" data-elementor-id=\"116\" class=\"elementor elementor-116\" data-elementor-post-type=\"page\">\n\t\t\t\t<div class=\"elementor-element elementor-element-3979d7c1 e-flex e-con-boxed e-con e-parent\" data-id=\"3979d7c1\" data-element_type=\"container\" data-e-type=\"container\" data-settings=\"{&quot;background_background&quot;:&quot;classic&quot;}\">\n\t\t\t\t\t<div class=\"e-con-inner\">\n\t\t\t\t<div class=\"elementor-element elementor-element-1ce2d9f elementor-widget elementor-widget-heading\" data-id=\"1ce2d9f\" data-element_type=\"widget\" data-e-type=\"widget\" data-widget_type=\"heading.default\">\n\t\t\t\t\t<h6 class=\"elementor-heading-title elementor-size-default\">Bienvenido a crecer con prop\u00f3sito.<\/h6>\t\t\t\t<\/div>\n\t\t\t\t<div class=\"elementor-element elementor-element-7c2954d0 elementor-widget elementor-widget-heading\" data-id=\"7c2954d0\" data-element_type=\"widget\" data-e-type=\"widget\" data-widget_type=\"heading.default\">\n\t\t\t\t\t<h1 class=\"elementor-heading-title elementor-size-default\">Aceleradores \nDe\nCrecimiento Estrat\u00e9gico<\/h1>\t\t\t\t<\/div>\n\t\t\t\t<div class=\"elementor-element elementor-element-7b28d11 elementor-widget elementor-widget-heading\" data-id=\"7b28d11\" data-element_type=\"widget\" data-e-type=\"widget\" data-widget_type=\"heading.default\">\n\t\t\t\t\t<h5 class=\"elementor-heading-title elementor-size-default\">Transforma tu empresa con un enfoque estrat\u00e9gico. Descubre los aceleradores que impulsan el crecimiento real.<\/h5>\t\t\t\t<\/div>\n\t\t\t\t\t<\/div>\n\t\t\t\t<\/div>\n\t\t<div class=\"elementor-element elementor-element-749e757 e-flex e-con-boxed e-con e-parent\" data-id=\"749e757\" data-element_type=\"container\" data-e-type=\"container\">\n\t\t\t\t\t<div class=\"e-con-inner\">\n\t\t\t\t<div class=\"elementor-element elementor-element-8d1066a elementor-widget elementor-widget-spacer\" data-id=\"8d1066a\" data-element_type=\"widget\" data-e-type=\"widget\" data-widget_type=\"spacer.default\">\n\t\t\t\t\t\t\t<div class=\"elementor-spacer\">\n\t\t\t<div class=\"elementor-spacer-inner\"><\/div>\n\t\t<\/div>\n\t\t\t\t\t\t<\/div>\n\t\t\t\t<div class=\"elementor-element elementor-element-76fcd74 elementor-widget elementor-widget-eael-image-accordion\" data-id=\"76fcd74\" data-element_type=\"widget\" data-e-type=\"widget\" data-widget_type=\"eael-image-accordion.default\">\n\t\t\t\t\t    <div class=\"eael-img-accordion accordion-direction-horizontal eael-img-accordion-horizontal-align-center eael-img-accordion-vertical-align-center\" id=\"eael-img-accordion-76fcd74\" data-img-accordion-id=\"76fcd74\" data-img-accordion-type=\"on-hover\">\n                    \n            <div class=\"eael-image-accordion-hover eael-image-accordion-item\" style=\"background-image: url(https:\/\/www.ailynnbaez.com\/wp-content\/uploads\/2026\/03\/ChatGPT-Image-16-mar-2026-01_22_46-p.m.png);\"  tabindex=\"0\">\n                <div class=\"overlay\">\n                                        <div class=\"overlay-inner \">\n                        <h2 class=\"img-accordion-title\">Transformaci\u00f3n y Eficiencia<\/h2>                            <p><p>Optimiza tu operaci\u00f3n para crecer con rentabilidad y claridad estrat\u00e9gica.<\/p><\/p>\n                                            <\/div>\n                <\/div>\n            <\/div>\n                    \n            <div class=\"eael-image-accordion-hover eael-image-accordion-item\" style=\"background-image: url(https:\/\/www.ailynnbaez.com\/wp-content\/uploads\/2026\/03\/ChatGPT-Image-16-mar-2026-01_22_37-p.m.png);\"  tabindex=\"0\">\n                <div class=\"overlay\">\n                                        <div class=\"overlay-inner \">\n                        <h2 class=\"img-accordion-title\">Institucionalizaci\u00f3n y Gobierno Corporativo<\/h2>                            <p><p>Institucionalizaci\u00f3n y Gobierno Corporativo<\/p><\/p>\n                                            <\/div>\n                <\/div>\n            <\/div>\n                    \n            <div class=\"eael-image-accordion-hover eael-image-accordion-item\" style=\"background-image: url(https:\/\/www.ailynnbaez.com\/wp-content\/uploads\/2026\/03\/ChatGPT-Image-16-mar-2026-01_22_43-p.m.png);\"  tabindex=\"0\">\n                <div class=\"overlay\">\n                                        <div class=\"overlay-inner \">\n                        <h2 class=\"img-accordion-title\">Sostenibilidad Estrat\u00e9gica (ESG)<\/h2>                            <p><p>Integra sostenibilidad como motor real de valor y competitividad.<\/p><\/p>\n                                            <\/div>\n                <\/div>\n            <\/div>\n                    \n            <div class=\"eael-image-accordion-hover eael-image-accordion-item\" style=\"background-image: url(https:\/\/www.ailynnbaez.com\/wp-content\/uploads\/2026\/03\/ChatGPT-Image-16-mar-2026-01_22_53-p.m.png);\"  tabindex=\"0\">\n                <div class=\"overlay\">\n                                        <div class=\"overlay-inner \">\n                        <h2 class=\"img-accordion-title\">Next Generation y Liderazgo Familiar<\/h2>                            <p><p>Prepara a la siguiente generaci\u00f3n para liderar y trascender el negocio.<\/p><\/p>\n                                            <\/div>\n                <\/div>\n            <\/div>\n                <\/div>\n        <style typr=\"text\/css\">\n                    #eael-img-accordion-76fcd74 .eael-image-accordion-hover:hover {\n                        flex: 3 1 0% !important;\n                    }\n                    #eael-img-accordion-76fcd74 .eael-image-accordion-hover:hover:hover .overlay-inner * {\n                        opacity: 1;\n                        visibility: visible;\n                        transform: none;\n                        transition: all .3s .3s;\n                    }\n                <\/style>\t\t\t\t<\/div>\n\t\t\t\t\t<\/div>\n\t\t\t\t<\/div>\n\t\t<div class=\"elementor-element elementor-element-e83eb7b e-flex e-con-boxed e-con e-parent\" data-id=\"e83eb7b\" data-element_type=\"container\" data-e-type=\"container\">\n\t\t\t\t\t<div class=\"e-con-inner\">\n\t\t\t\t<div class=\"elementor-element elementor-element-264ec15 elementor-widget elementor-widget-heading\" data-id=\"264ec15\" data-element_type=\"widget\" data-e-type=\"widget\" data-widget_type=\"heading.default\">\n\t\t\t\t\t<h3 class=\"elementor-heading-title elementor-size-default\">Estos aceleradores est\u00e1n dise\u00f1ados para transformar empresas desde su operaci\u00f3n, su gobierno y su visi\u00f3n a largo plazo.<\/h3>\t\t\t\t<\/div>\n\t\t\t\t<div class=\"elementor-element elementor-element-35c9d82 elementor-widget__width-initial elementor-widget elementor-widget-icon-box\" data-id=\"35c9d82\" data-element_type=\"widget\" data-e-type=\"widget\" data-widget_type=\"icon-box.default\">\n\t\t\t\t\t\t\t<div class=\"elementor-icon-box-wrapper\">\n\n\t\t\t\n\t\t\t\t\t\t<div class=\"elementor-icon-box-content\">\n\n\t\t\t\t\t\t\t\t\t<h4 class=\"elementor-icon-box-title\">\n\t\t\t\t\t\t<span  >\n\t\t\t\t\t\t\tSostenibilidad estrat\u00e9gica (ESG)\t\t\t\t\t\t<\/span>\n\t\t\t\t\t<\/h4>\n\t\t\t\t\n\t\t\t\t\t\t\t\t\t<p class=\"elementor-icon-box-description\">\n\t\t\t\t\t\tLa sostenibilidad deja de ser discurso y se convierte en ventaja competitiva.\nIntegramos factores ambientales y de impacto en la estrategia para fortalecer la rentabilidad a largo plazo.\t\t\t\t\t<\/p>\n\t\t\t\t\n\t\t\t<\/div>\n\t\t\t\n\t\t<\/div>\n\t\t\t\t\t\t<\/div>\n\t\t<div class=\"elementor-element elementor-element-d34ff38 e-con-full e-flex e-con e-child\" data-id=\"d34ff38\" data-element_type=\"container\" data-e-type=\"container\">\n\t\t\t\t<div class=\"elementor-element elementor-element-488afc6 elementor-widget__width-initial elementor-widget elementor-widget-icon-box\" data-id=\"488afc6\" data-element_type=\"widget\" data-e-type=\"widget\" data-widget_type=\"icon-box.default\">\n\t\t\t\t\t\t\t<div class=\"elementor-icon-box-wrapper\">\n\n\t\t\t\n\t\t\t\t\t\t<div class=\"elementor-icon-box-content\">\n\n\t\t\t\t\t\t\t\t\t<h4 class=\"elementor-icon-box-title\">\n\t\t\t\t\t\t<span  >\n\t\t\t\t\t\t\tTransformaci\u00f3n y eficiencia\t\t\t\t\t\t<\/span>\n\t\t\t\t\t<\/h4>\n\t\t\t\t\n\t\t\t\t\t\t\t\t\t<p class=\"elementor-icon-box-description\">\n\t\t\t\t\t\tConvertimos el crecimiento en una estructura operativa rentable.\nA trav\u00e9s de modelos claros, procesos definidos y KPIs estrat\u00e9gicos, las decisiones dejan de ser intuitivas y se vuelven medibles.\t\t\t\t\t<\/p>\n\t\t\t\t\n\t\t\t<\/div>\n\t\t\t\n\t\t<\/div>\n\t\t\t\t\t\t<\/div>\n\t\t\t\t<div class=\"elementor-element elementor-element-1211864 elementor-widget__width-initial elementor-widget elementor-widget-icon-box\" data-id=\"1211864\" data-element_type=\"widget\" data-e-type=\"widget\" data-widget_type=\"icon-box.default\">\n\t\t\t\t\t\t\t<div class=\"elementor-icon-box-wrapper\">\n\n\t\t\t\n\t\t\t\t\t\t<div class=\"elementor-icon-box-content\">\n\n\t\t\t\t\t\t\t\t\t<h4 class=\"elementor-icon-box-title\">\n\t\t\t\t\t\t<span  >\n\t\t\t\t\t\t\tInstitucionalizaci\u00f3n y gobierno corporativo\t\t\t\t\t\t<\/span>\n\t\t\t\t\t<\/h4>\n\t\t\t\t\n\t\t\t\t\t\t\t\t\t<p class=\"elementor-icon-box-description\">\n\t\t\t\t\t\tProfesionalizamos la empresa sin perder su esencia.\nEstructuramos la toma de decisiones, reducimos riesgos y construimos bases s\u00f3lidas para escalar con orden.\t\t\t\t\t<\/p>\n\t\t\t\t\n\t\t\t<\/div>\n\t\t\t\n\t\t<\/div>\n\t\t\t\t\t\t<\/div>\n\t\t\t\t<div class=\"elementor-element elementor-element-9c9bc5e elementor-widget__width-initial elementor-widget elementor-widget-icon-box\" data-id=\"9c9bc5e\" data-element_type=\"widget\" data-e-type=\"widget\" data-widget_type=\"icon-box.default\">\n\t\t\t\t\t\t\t<div class=\"elementor-icon-box-wrapper\">\n\n\t\t\t\n\t\t\t\t\t\t<div class=\"elementor-icon-box-content\">\n\n\t\t\t\t\t\t\t\t\t<h4 class=\"elementor-icon-box-title\">\n\t\t\t\t\t\t<span  >\n\t\t\t\t\t\t\tNext generation y liderazgo familiar\t\t\t\t\t\t<\/span>\n\t\t\t\t\t<\/h4>\n\t\t\t\t\n\t\t\t\t\t\t\t\t\t<p class=\"elementor-icon-box-description\">\n\t\t\t\t\t\tAseguramos la continuidad del negocio a trav\u00e9s del liderazgo.\nGuiamos la transici\u00f3n generacional y desarrollamos estructuras que sostienen el legado y su evoluci\u00f3n.\t\t\t\t\t<\/p>\n\t\t\t\t\n\t\t\t<\/div>\n\t\t\t\n\t\t<\/div>\n\t\t\t\t\t\t<\/div>\n\t\t\t\t<\/div>\n\t\t\t\t\t<\/div>\n\t\t\t\t<\/div>\n\t\t<div class=\"elementor-element elementor-element-a75335e e-flex e-con-boxed e-con e-parent\" data-id=\"a75335e\" data-element_type=\"container\" data-e-type=\"container\">\n\t\t\t\t\t<div class=\"e-con-inner\">\n\t\t\t\t<div class=\"elementor-element elementor-element-6090b2b elementor-widget elementor-widget-spacer\" data-id=\"6090b2b\" data-element_type=\"widget\" data-e-type=\"widget\" data-widget_type=\"spacer.default\">\n\t\t\t\t\t\t\t<div class=\"elementor-spacer\">\n\t\t\t<div class=\"elementor-spacer-inner\"><\/div>\n\t\t<\/div>\n\t\t\t\t\t\t<\/div>\n\t\t\t\t\t<\/div>\n\t\t\t\t<\/div>\n\t\t<div class=\"elementor-element elementor-element-f7aba55 e-flex e-con-boxed e-con e-parent\" data-id=\"f7aba55\" data-element_type=\"container\" data-e-type=\"container\">\n\t\t\t\t\t<div class=\"e-con-inner\">\n\t\t\t\t<div class=\"elementor-element elementor-element-bb25eb9 elementor-cta--skin-classic elementor-animated-content elementor-bg-transform elementor-bg-transform-zoom-in elementor-widget elementor-widget-call-to-action\" data-id=\"bb25eb9\" data-element_type=\"widget\" data-e-type=\"widget\" data-widget_type=\"call-to-action.default\">\n\t\t\t\t\t\t\t<div class=\"elementor-cta\">\n\t\t\t\t\t<div class=\"elementor-cta__bg-wrapper\">\n\t\t\t\t<div class=\"elementor-cta__bg elementor-bg\" style=\"background-image: url(https:\/\/www.ailynnbaez.com\/wp-content\/uploads\/2026\/03\/ChatGPT-Image-16-mar-2026-01_22_53-p.m.png);\" role=\"img\" aria-label=\"ChatGPT Image 16 mar 2026, 01_22_53 p.m.\"><\/div>\n\t\t\t\t<div class=\"elementor-cta__bg-overlay\"><\/div>\n\t\t\t<\/div>\n\t\t\t\t\t\t\t<div class=\"elementor-cta__content\">\n\t\t\t\t\n\t\t\t\t\t\t\t\t\t<h2 class=\"elementor-cta__title elementor-cta__content-item elementor-content-item\">\n\t\t\t\t\t\tTransformar mi negocio hoy\t\t\t\t\t<\/h2>\n\t\t\t\t\n\t\t\t\t\t\t\t\t\t<div class=\"elementor-cta__description elementor-cta__content-item elementor-content-item\">\n\t\t\t\t\t\tTransforma tu organizaci\u00f3n en un sistema m\u00e1s inteligente, preparado para escalar con claridad y prop\u00f3sito.\t\t\t\t\t<\/div>\n\t\t\t\t\n\t\t\t\t\t\t\t\t\t<div class=\"elementor-cta__button-wrapper elementor-cta__content-item elementor-content-item \">\n\t\t\t\t\t<a class=\"elementor-cta__button elementor-button elementor-size-\">\n\t\t\t\t\t\tClick Here\t\t\t\t\t<\/a>\n\t\t\t\t\t<\/div>\n\t\t\t\t\t\t\t<\/div>\n\t\t\t\t\t\t<\/div>\n\t\t\t\t\t\t<\/div>\n\t\t\t\t\t<\/div>\n\t\t\t\t<\/div>\n\t\t\t\t<\/div>\n\t\t","protected":false},"excerpt":{"rendered":"<p>Bienvenido a crecer con prop\u00f3sito. Aceleradores De Crecimiento Estrat\u00e9gico Transforma tu empresa con un enfoque estrat\u00e9gico. Descubre los aceleradores que impulsan el crecimiento real. Transformaci\u00f3n y Eficiencia Optimiza tu operaci\u00f3n para crecer con rentabilidad y claridad estrat\u00e9gica. Institucionalizaci\u00f3n y Gobierno Corporativo Institucionalizaci\u00f3n y Gobierno Corporativo Sostenibilidad Estrat\u00e9gica (ESG) Integra sostenibilidad como motor real de valor &hellip; <\/p>\n<p class=\"link-more\"><a href=\"https:\/\/www.ailynnbaez.com\/index.php\/aceleradores\/\" class=\"more-link\">Leer m\u00e1s<span class=\"screen-reader-text\"> \u00abAceleradores\u00bb<\/span><\/a><\/p>\n","protected":false},"author":1,"featured_media":0,"parent":0,"menu_order":0,"comment_status":"closed","ping_status":"closed","template":"","meta":{"_eb_attr":"","inspiro_hide_title":false,"footnotes":""},"class_list":["post-116","page","type-page","status-publish","hentry"],"yoast_head":"<!-- This site is optimized with the Yoast SEO plugin v27.2 - https:\/\/yoast.com\/product\/yoast-seo-wordpress\/ -->\n<title>Aceleradores -<\/title>\n<meta name=\"robots\" content=\"index, follow, max-snippet:-1, max-image-preview:large, max-video-preview:-1\" \/>\n<link rel=\"canonical\" href=\"https:\/\/www.ailynnbaez.com\/index.php\/aceleradores\/\" \/>\n<meta property=\"og:locale\" content=\"es_MX\" \/>\n<meta property=\"og:type\" content=\"article\" \/>\n<meta property=\"og:title\" content=\"Aceleradores -\" \/>\n<meta property=\"og:description\" content=\"Bienvenido a crecer con prop\u00f3sito. Aceleradores De Crecimiento Estrat\u00e9gico Transforma tu empresa con un enfoque estrat\u00e9gico. Descubre los aceleradores que impulsan el crecimiento real. Transformaci\u00f3n y Eficiencia Optimiza tu operaci\u00f3n para crecer con rentabilidad y claridad estrat\u00e9gica. Institucionalizaci\u00f3n y Gobierno Corporativo Institucionalizaci\u00f3n y Gobierno Corporativo Sostenibilidad Estrat\u00e9gica (ESG) Integra sostenibilidad como motor real de valor &hellip; Leer m\u00e1s \u00abAceleradores\u00bb\" \/>\n<meta property=\"og:url\" content=\"https:\/\/www.ailynnbaez.com\/index.php\/aceleradores\/\" \/>\n<meta property=\"article:modified_time\" content=\"2026-03-18T20:06:07+00:00\" \/>\n<meta name=\"twitter:card\" content=\"summary_large_image\" \/>\n<meta name=\"twitter:label1\" content=\"Tiempo de lectura\" \/>\n\t<meta name=\"twitter:data1\" content=\"2 minutos\" \/>\n<script type=\"application\/ld+json\" class=\"yoast-schema-graph\">{\"@context\":\"https:\/\/schema.org\",\"@graph\":[{\"@type\":\"WebPage\",\"@id\":\"https:\/\/www.ailynnbaez.com\/index.php\/aceleradores\/\",\"url\":\"https:\/\/www.ailynnbaez.com\/index.php\/aceleradores\/\",\"name\":\"Aceleradores -\",\"isPartOf\":{\"@id\":\"https:\/\/www.ailynnbaez.com\/#website\"},\"datePublished\":\"2026-03-18T19:14:54+00:00\",\"dateModified\":\"2026-03-18T20:06:07+00:00\",\"breadcrumb\":{\"@id\":\"https:\/\/www.ailynnbaez.com\/index.php\/aceleradores\/#breadcrumb\"},\"inLanguage\":\"es\",\"potentialAction\":[{\"@type\":\"ReadAction\",\"target\":[\"https:\/\/www.ailynnbaez.com\/index.php\/aceleradores\/\"]}]},{\"@type\":\"BreadcrumbList\",\"@id\":\"https:\/\/www.ailynnbaez.com\/index.php\/aceleradores\/#breadcrumb\",\"itemListElement\":[{\"@type\":\"ListItem\",\"position\":1,\"name\":\"Inicio\",\"item\":\"https:\/\/www.ailynnbaez.com\/\"},{\"@type\":\"ListItem\",\"position\":2,\"name\":\"Aceleradores\"}]},{\"@type\":\"WebSite\",\"@id\":\"https:\/\/www.ailynnbaez.com\/#website\",\"url\":\"https:\/\/www.ailynnbaez.com\/\",\"name\":\"\",\"description\":\"\",\"potentialAction\":[{\"@type\":\"SearchAction\",\"target\":{\"@type\":\"EntryPoint\",\"urlTemplate\":\"https:\/\/www.ailynnbaez.com\/?s={search_term_string}\"},\"query-input\":{\"@type\":\"PropertyValueSpecification\",\"valueRequired\":true,\"valueName\":\"search_term_string\"}}],\"inLanguage\":\"es\"}]}<\/script>\n<!-- \/ Yoast SEO plugin. -->","yoast_head_json":{"title":"Aceleradores -","robots":{"index":"index","follow":"follow","max-snippet":"max-snippet:-1","max-image-preview":"max-image-preview:large","max-video-preview":"max-video-preview:-1"},"canonical":"https:\/\/www.ailynnbaez.com\/index.php\/aceleradores\/","og_locale":"es_MX","og_type":"article","og_title":"Aceleradores -","og_description":"Bienvenido a crecer con prop\u00f3sito. Aceleradores De Crecimiento Estrat\u00e9gico Transforma tu empresa con un enfoque estrat\u00e9gico. Descubre los aceleradores que impulsan el crecimiento real. Transformaci\u00f3n y Eficiencia Optimiza tu operaci\u00f3n para crecer con rentabilidad y claridad estrat\u00e9gica. Institucionalizaci\u00f3n y Gobierno Corporativo Institucionalizaci\u00f3n y Gobierno Corporativo Sostenibilidad Estrat\u00e9gica (ESG) Integra sostenibilidad como motor real de valor &hellip; Leer m\u00e1s \u00abAceleradores\u00bb","og_url":"https:\/\/www.ailynnbaez.com\/index.php\/aceleradores\/","article_modified_time":"2026-03-18T20:06:07+00:00","twitter_card":"summary_large_image","twitter_misc":{"Tiempo de lectura":"2 minutos"},"schema":{"@context":"https:\/\/schema.org","@graph":[{"@type":"WebPage","@id":"https:\/\/www.ailynnbaez.com\/index.php\/aceleradores\/","url":"https:\/\/www.ailynnbaez.com\/index.php\/aceleradores\/","name":"Aceleradores -","isPartOf":{"@id":"https:\/\/www.ailynnbaez.com\/#website"},"datePublished":"2026-03-18T19:14:54+00:00","dateModified":"2026-03-18T20:06:07+00:00","breadcrumb":{"@id":"https:\/\/www.ailynnbaez.com\/index.php\/aceleradores\/#breadcrumb"},"inLanguage":"es","potentialAction":[{"@type":"ReadAction","target":["https:\/\/www.ailynnbaez.com\/index.php\/aceleradores\/"]}]},{"@type":"BreadcrumbList","@id":"https:\/\/www.ailynnbaez.com\/index.php\/aceleradores\/#breadcrumb","itemListElement":[{"@type":"ListItem","position":1,"name":"Inicio","item":"https:\/\/www.ailynnbaez.com\/"},{"@type":"ListItem","position":2,"name":"Aceleradores"}]},{"@type":"WebSite","@id":"https:\/\/www.ailynnbaez.com\/#website","url":"https:\/\/www.ailynnbaez.com\/","name":"","description":"","potentialAction":[{"@type":"SearchAction","target":{"@type":"EntryPoint","urlTemplate":"https:\/\/www.ailynnbaez.com\/?s={search_term_string}"},"query-input":{"@type":"PropertyValueSpecification","valueRequired":true,"valueName":"search_term_string"}}],"inLanguage":"es"}]}},"_links":{"self":[{"href":"https:\/\/www.ailynnbaez.com\/index.php\/wp-json\/wp\/v2\/pages\/116","targetHints":{"allow":["GET"]}}],"collection":[{"href":"https:\/\/www.ailynnbaez.com\/index.php\/wp-json\/wp\/v2\/pages"}],"about":[{"href":"https:\/\/www.ailynnbaez.com\/index.php\/wp-json\/wp\/v2\/types\/page"}],"author":[{"embeddable":true,"href":"https:\/\/www.ailynnbaez.com\/index.php\/wp-json\/wp\/v2\/users\/1"}],"replies":[{"embeddable":true,"href":"https:\/\/www.ailynnbaez.com\/index.php\/wp-json\/wp\/v2\/comments?post=116"}],"version-history":[{"count":10,"href":"https:\/\/www.ailynnbaez.com\/index.php\/wp-json\/wp\/v2\/pages\/116\/revisions"}],"predecessor-version":[{"id":143,"href":"https:\/\/www.ailynnbaez.com\/index.php\/wp-json\/wp\/v2\/pages\/116\/revisions\/143"}],"wp:attachment":[{"href":"https:\/\/www.ailynnbaez.com\/index.php\/wp-json\/wp\/v2\/media?parent=116"}],"curies":[{"name":"wp","href":"https:\/\/api.w.org\/{rel}","templated":true}]}}